{"id":328,"date":"2020-07-04T03:49:04","date_gmt":"2020-07-04T03:49:04","guid":{"rendered":"http:\/\/bosnianheart.org\/?page_id=328"},"modified":"2020-07-04T03:52:46","modified_gmt":"2020-07-04T03:52:46","slug":"paypal_thanks","status":"publish","type":"page","link":"https:\/\/bosnianheart.org\/bs\/paypal_thanks\/","title":{"rendered":"Hvala!"},"content":{"rendered":"<p><img loading=\"lazy\" decoding=\"async\" width=\"250\" height=\"73\" src=\"https:\/\/bosnianheart.org\/wp-content\/uploads\/2020\/07\/bh-logo-0.png\" alt=\"\"  class=\"alignnone size-full wp-image-308\" srcset=\"https:\/\/bosnianheart.org\/wp-content\/uploads\/2020\/07\/bh-logo-0.png 250w, https:\/\/bosnianheart.org\/wp-content\/uploads\/2020\/07\/bh-logo-0-205x60.png 205w\" sizes=\"auto, (max-width: 250px) 100vw, 250px\" \/><\/p>\n<p>Hvala za va\u0161u donaciju.<\/p>\n<p>Samo da vas jo\u0161 jednom posjetimo, ako \u017eivite u SAD, va\u0161a donacija je &#8220;deductible&#8221; na va\u0161em tax obra\u010dunu, jer smo mi neprofitna organizacija.<\/p>\n<p>Hvala!<br \/>\nBosansko Srce ekipa.<\/p>","protected":false},"excerpt":{"rendered":"<p>Hvala za va\u0161u donaciju. Samo da vas jo\u0161 jednom posjetimo, ako \u017eivite u SAD, va\u0161a donacija je &#8220;deductible&#8221; na va\u0161em tax obra\u010dunu, jer smo mi neprofitna organizacija. Hvala! Bosansko Srce ekipa.<\/p>\n","protected":false},"author":1,"featured_media":329,"parent":0,"menu_order":0,"comment_status":"closed","ping_status":"closed","template":"","meta":{"footnotes":""},"class_list":["post-328","page","type-page","status-publish","has-post-thumbnail","hentry"],"_links":{"self":[{"href":"https:\/\/bosnianheart.org\/bs\/wp-json\/wp\/v2\/pages\/328","targetHints":{"allow":["GET"]}}],"collection":[{"href":"https:\/\/bosnianheart.org\/bs\/wp-json\/wp\/v2\/pages"}],"about":[{"href":"https:\/\/bosnianheart.org\/bs\/wp-json\/wp\/v2\/types\/page"}],"author":[{"embeddable":true,"href":"https:\/\/bosnianheart.org\/bs\/wp-json\/wp\/v2\/users\/1"}],"replies":[{"embeddable":true,"href":"https:\/\/bosnianheart.org\/bs\/wp-json\/wp\/v2\/comments?post=328"}],"version-history":[{"count":2,"href":"https:\/\/bosnianheart.org\/bs\/wp-json\/wp\/v2\/pages\/328\/revisions"}],"predecessor-version":[{"id":333,"href":"https:\/\/bosnianheart.org\/bs\/wp-json\/wp\/v2\/pages\/328\/revisions\/333"}],"wp:featuredmedia":[{"embeddable":true,"href":"https:\/\/bosnianheart.org\/bs\/wp-json\/wp\/v2\/media\/329"}],"wp:attachment":[{"href":"https:\/\/bosnianheart.org\/bs\/wp-json\/wp\/v2\/media?parent=328"}],"curies":[{"name":"wp","href":"https:\/\/api.w.org\/{rel}","templated":true}]}}